{"id":19,"date":"2022-09-03T17:03:28","date_gmt":"2022-09-03T17:03:28","guid":{"rendered":"https:\/\/indiapassiontours.com\/it\/?page_id=19"},"modified":"2022-09-04T13:21:06","modified_gmt":"2022-09-04T13:21:06","slug":"noleggio-auto-con-autista-india-noleggio","status":"publish","type":"page","link":"https:\/\/indiapassiontours.com\/it\/noleggio-auto-con-autista-india-noleggio\/","title":{"rendered":"Noleggio Auto con Autista india"},"content":{"rendered":"\n<h2 class=\"wp-block-heading\">Noleggio Auto con Autista india<\/h2>\n\n\n<p>Noleggio di un Auto con Autista per il tuo viaggio in india Delhi, Jaipur, Rajasthan, Noleggio Auto con Autista in india<\/p>\n\n\n<figure class=\"wp-block-image size-large is-resized\"><img loading=\"lazy\" decoding=\"async\" src=\"https:\/\/indiapassiontours.com\/it\/wp-content\/uploads\/2022\/09\/Noleggio-Auto-con-Autista-india-1024x684.jpg\" alt=\"\" class=\"wp-image-50\" width=\"646\" height=\"431\" srcset=\"https:\/\/indiapassiontours.com\/it\/wp-content\/uploads\/2022\/09\/Noleggio-Auto-con-Autista-india-1024x684.jpg 1024w, https:\/\/indiapassiontours.com\/it\/wp-content\/uploads\/2022\/09\/Noleggio-Auto-con-Autista-india-300x200.jpg 300w, https:\/\/indiapassiontours.com\/it\/wp-content\/uploads\/2022\/09\/Noleggio-Auto-con-Autista-india-768x513.jpg 768w, https:\/\/indiapassiontours.com\/it\/wp-content\/uploads\/2022\/09\/Noleggio-Auto-con-Autista-india-1536x1026.jpg 1536w, https:\/\/indiapassiontours.com\/it\/wp-content\/uploads\/2022\/09\/Noleggio-Auto-con-Autista-india-2048x1367.jpg 2048w\" sizes=\"auto, (max-width: 646px) 100vw, 646px\" \/><figcaption><em>Noleggio Auto con Autista india<\/em><\/figcaption><\/figure>\n\n\n\n<p>Noleggio Auto con Autista in india, Siamo in grado di fornire servizi di noleggio auto con autista a prezzi accessibili, requisiti professionali o turistici, noleggio del veicolo per poche ore per andare in giro a Delhi o dintorni, per noleggiare un&#8217;auto con conducente \/ autista per diversi giorni, per visitare i Triangoli d&#8217;oro (Delhi, Agra, Jaipur), Rajasthan, khajraho Varanasi, Haridwar, Rishikash, Himalayas ecc. Intorno al nord dell&#8217;India.<\/p>\n\n\n\n<p>Per facilitare le tue esigenze, la nostra auto e autista sono a tua disposizione e siamo totalmente flessibili con te.<\/p>\n\n\n\n<p>Tutti i nostri <a href=\"https:\/\/indiapassiontours.com\/it\/\" data-type=\"page\" data-id=\"16\">Autisti<\/a> parlano inglese e hanno familiarit\u00e0 con i percorsi e le strade che attraversano i siti turistici. La nostra auto e autista \/ conducente sar\u00e0 al tuo servizio come da itinerario e potrai contare su di loro in qualsiasi momento durante la tua vacanza. Saranno costantemente in contatto con l&#8217;India Passion Tours a New Delhi. Il che rende facile per noi assistervi in \u200b\u200bqualsiasi momento.<\/p>\n\n\n\n<p>Il veicolo \u00e8 equipaggiato con (climatizzazione, alzacristalli elettrici, servosterzo, chiusura centralizzata, impianto audio con aux-in e connettivit\u00e0 USB). L&#8217;auto \u00e8 dotata anche della sicurezza standard &#8211; ci sono quattro cinture di sicurezza e due airbag frontali anteriori e ABS, sistema di tracciamento GPS ecc.<\/p>\n\n\n\n<p>\u00c8 possibile saperne di pi\u00f9 da nostri clienti che hanno utilizzato il nostro Noleggio Auto e personali servizi e sono stati completamente soddisfatti e che hanno lasciato dei  <a href=\"https:\/\/www.tripadvisor.it\/Attraction_Review-g304551-d10225281-Reviews-India_Passion_Tours-New_Delhi_National_Capital_Territory_of_Delhi.html\" target=\"_blank\" rel=\"noreferrer noopener\" class=\"rank-math-link\">Commenti<\/a>  qui.<\/p>\n\n\n\n<h4 class=\"wp-block-heading\">Opzione auto con autista in India<\/h4>\n\n\n\n<h5 class=\"wp-block-heading\">La Toyota Etios Sedan Car<\/h5>\n\n\n\n<figure class=\"wp-block-image\"><img decoding=\"async\" src=\"https:\/\/indiapassiontours.com\/wp-content\/uploads\/2021\/03\/Noleggio-Auto-Con-Autista-in-India-Delhi.jpg\" alt=\"Auto con Autista in india\"\/><\/figure>\n\n\n\n<p> <span style=\"font-size: inherit; background-color: var(--base-3); color: var(--contrast);\">La Toyota Etios Sedan Car \u00e8 la berlina compatta pi\u00f9 popolare in India, comoda e pu\u00f2 andare ovunque. Questa auto \u00e8 una linea di auto a quattro porte e due volumi, ed \u00e8 un mix di caratteristiche uniche, con prestazioni di alta classe, gli interni sono progettati per fornire molto spazio, offrendo una rara combinazione di lusso e praticit\u00e0. Questa berlina offre anche un ottimo spazio per il deposito bagagli. Questa macchina con autista \u00e8 una buona opzione per due persone, una terza persona si pu\u00f2 eventualmente posizionare vicino all&#8217;autista, veicolo con aria condizionata.<\/span><\/p>\n\n\n\n<hr class=\"wp-block-separator has-text-color has-css-opacity has-background is-style-wide\" style=\"background-color:#eeeeee;color:#eeeeee\"\/>\n\n\n\n<p><\/p>\n\n\n\n<figure class=\"wp-block-image\"><img decoding=\"async\" src=\"https:\/\/indiapassiontours.com\/wp-content\/uploads\/2021\/03\/Noleggio-Auto-Con-Autista-in-India-Delhi-Rajasthan.jpg\" alt=\"Noleggio Auto Con Autista Viaggio in India Delhi Rajasthan\"\/><figcaption><em>Innova Crysta&nbsp; SUV<\/em><\/figcaption><\/figure>\n\n\n\n<p><\/p>\n\n\n\n<hr class=\"wp-block-separator has-text-color has-css-opacity has-background is-style-wide\" style=\"background-color:#eeeeee;color:#eeeeee\"\/>\n\n\n\n<p><\/p>\n\n\n\n<figure class=\"wp-block-image size-large is-resized\"><img loading=\"lazy\" decoding=\"async\" src=\"https:\/\/indiapassiontours.com\/wp-content\/uploads\/2021\/05\/Auto-con-Conducente-per-il-tuo-viaggio-in-india-edited-scaled.jpg\" alt=\" auto con conducente in india delhi\" class=\"wp-image-1022\" width=\"450\" height=\"293\"\/><figcaption><em>Viaggiatori di Tempo<\/em><\/figcaption><\/figure>\n\n\n\n<p><strong>Il prezzo include auto con conducente affidabile<\/strong>\u2022&nbsp; carburante, parcheggio, strada e pedaggi,<\/p>\n\n\n\n<ul class=\"wp-block-list\"><li>Servizio di un autista parlante inglese, compresi i suoi pasti e alloggio<\/li><li> Imposta di servizio e assicurazione (a condizione che tu sia in auto).<\/li><\/ul>\n\n\n\n<p>&nbsp;<strong>Il prezzo non include<\/strong><\/p>\n\n\n\n<ul class=\"wp-block-list\"><li> eventuali tasse di ingresso, tariffe delle guide, camera, pasti, sistemazione in hotel.<\/li><li> Consigli o eventuali spese che non sono espressamente menzionate sopra.<\/li><\/ul>\n\n\n\n<p>amo anche Hotel a cinque stelle su speciale richiesta. Questo ci permette di offrire tariffe competitive.<\/p>\n\n\n\n<p><strong><a href=\"https:\/\/indiapassiontours.com\/contact-us\/\">Contattaci per l\u2019automobile con affidabile driver ..<\/a><\/strong><\/p>\n\n\n\n<p>cordiali saluti<\/p>\n\n\n\n<p>Anil team ~ indiapassiontours.com chiamata<\/p>\n\n\n\n<p>cosa c\u2019\u00e8 app:&nbsp;<a href=\"tel:+919999776433\">+919999776433<\/a>   <\/p>\n","protected":false},"excerpt":{"rendered":"<p>Noleggio Auto con Autista india Noleggio di un Auto con Autista per il tuo viaggio in india Delhi, Jaipur, Rajasthan, Noleggio Auto con Autista in india Noleggio Auto con Autista in india, Siamo in grado di fornire servizi di noleggio auto con autista a prezzi accessibili, requisiti professionali o turistici, noleggio del veicolo per poche &#8230; <a title=\"Noleggio Auto con Autista india\" class=\"read-more\" href=\"https:\/\/indiapassiontours.com\/it\/noleggio-auto-con-autista-india-noleggio\/\" aria-label=\"Read more about Noleggio Auto con Autista india\">Read more<\/a><\/p>\n","protected":false},"author":1,"featured_media":0,"parent":0,"menu_order":0,"comment_status":"closed","ping_status":"closed","template":"","meta":{"footnotes":""},"class_list":["post-19","page","type-page","status-publish"],"_links":{"self":[{"href":"https:\/\/indiapassiontours.com\/it\/wp-json\/wp\/v2\/pages\/19","targetHints":{"allow":["GET"]}}],"collection":[{"href":"https:\/\/indiapassiontours.com\/it\/wp-json\/wp\/v2\/pages"}],"about":[{"href":"https:\/\/indiapassiontours.com\/it\/wp-json\/wp\/v2\/types\/page"}],"author":[{"embeddable":true,"href":"https:\/\/indiapassiontours.com\/it\/wp-json\/wp\/v2\/users\/1"}],"replies":[{"embeddable":true,"href":"https:\/\/indiapassiontours.com\/it\/wp-json\/wp\/v2\/comments?post=19"}],"version-history":[{"count":12,"href":"https:\/\/indiapassiontours.com\/it\/wp-json\/wp\/v2\/pages\/19\/revisions"}],"predecessor-version":[{"id":58,"href":"https:\/\/indiapassiontours.com\/it\/wp-json\/wp\/v2\/pages\/19\/revisions\/58"}],"wp:attachment":[{"href":"https:\/\/indiapassiontours.com\/it\/wp-json\/wp\/v2\/media?parent=19"}],"curies":[{"name":"wp","href":"https:\/\/api.w.org\/{rel}","templated":true}]}}