{"id":16,"date":"2022-09-03T17:02:11","date_gmt":"2022-09-03T17:02:11","guid":{"rendered":"https:\/\/indiapassiontours.com\/it\/?page_id=16"},"modified":"2022-09-04T05:37:14","modified_gmt":"2022-09-04T05:37:14","slug":"auto-con-autista-india","status":"publish","type":"page","link":"https:\/\/indiapassiontours.com\/it\/","title":{"rendered":"Auto Con Autista India"},"content":{"rendered":"\n<h2 class=\"wp-block-heading\">Auto Con Autista India<\/h2>\n\n\n\n<h5 class=\"wp-block-heading\">Auto Con Autista in India Delhi \/ Auto Con Autista Viaggio in India Delhi Rajasthan<\/h5>\n\n\n\n<p>Auto Con Autista India Delhi, Siamo autisti indipendenti con auto a Delhi, Golden triangle- (Delhi-Agra-Jaipur), Rajasthan, Khajuraho, Varanasi, Rishikesh, Himalaya, e India del Nord.<\/p>\n\n\n\n<figure class=\"wp-block-image size-full is-resized\"><img loading=\"lazy\" decoding=\"async\" src=\"https:\/\/indiapassiontours.com\/wp-content\/uploads\/2022\/08\/image-2.jpeg\" alt=\"Auto Con Autista India\" class=\"wp-image-1602\" width=\"534\" height=\"534\"\/><figcaption><em>Auto Con Autista India<\/em><\/figcaption><\/figure>\n\n\n\n<h2 class=\"wp-block-heading\"><strong>Benvenuti \/ Namast\u00e9.<\/strong><\/h2>\n\n\n\n<p>India Passion Tours \u00e8 una agenzia di viaggi gestita da un piccolo team, diretta da me, Anil Kumar.<\/p>\n\n\n\n<p>In base alle vostre esigenze mi occuper\u00f2 personalmente della creazione del vostro tour. Parlo inglese e po\u2019 di francese e sar\u00f2 a vostra disposizione in ogni momento. Tutti i nostri autisti parlano inglese.<\/p>\n\n\n\n<p>Dopo aver lavorato in agenzie di viaggio per pi\u00f9 di 13 anni,&nbsp; ho deciso di organizzare personalmente escursioni per condividere la mia passione per il mio bel Paese. In questo modo posso creare tours avvalendomi della mia esperienza e farvi scoprire alcuni dei pi\u00f9 bei tesori del mio Paese e incontrare gli uomini e donne che sono il colore di India.<\/p>\n\n\n\n<p>Il&nbsp;<a href=\"https:\/\/it.wikipedia.org\/wiki\/Rajasthan\" target=\"_blank\" rel=\"noopener\">Rajasthan&nbsp;<\/a>\u00e8 una delle mie regioni preferite, \u00e8 lo stato pi\u00f9 vasto situato nel Nord ovest dell\u2019India.<\/p>\n\n\n\n<p>Il nome Rajasthan significa terra dei re con magnifici e lussuosi palazzi di Maharaja, superbe fortezze, eleganti havelis, grandi residenze aristocratiche e circondato dal paesaggio naturale delle Aravelli Mountains. E\u2019 noto per la cultura, il patrimonio storico,&nbsp; I palazzi antichi e molti festival.&nbsp;<a href=\"https:\/\/it.wikipedia.org\/wiki\/Jaipur\" target=\"_blank\" rel=\"noopener\">Jaipur<\/a>&nbsp;\u00e8 una delle mie citt\u00e0 preferite in Rajasthan.<\/p>\n\n\n\n<p>Poich\u00e9 la nostra cultura ritiene che un ospite \u00e8 come un Dio ci prenderemo cura di qualsiasi vostra esigenza per rendere il vostro soggiorno in India estremamente piacevole. Confezioneremo un viaggio su misura per soddisfare le vostre esigenze e garantendovi che sarete in buone mani.<\/p>\n\n\n\n<p>Abbiamo sede a nuova Delhi e io lavoro con un piccolo gruppo di autisti indipendenti con&nbsp;<a href=\"https:\/\/indiapassiontours.com\/it\/noleggio-auto-con-autista-india\/\"><strong>Auto<\/strong><\/a>&nbsp;Siamo specializzati in tours studiati su misura nel Golden triangle- (Delhi-Agra-Jaipur), Rajasthan, Khajuraho, Varanasi, Haridwar, Rishikesh, Himalaya e molti altri posti che desideriate visitare nell\u2019 India del Nord.<\/p>\n\n\n\n<p>Sono molto flessibile e collaborer\u00f2 con voi per pianificare I migliori tour possibili che si adattino alle vostre esigenze, budget ed aspettative; sono onesto e affidabile e anche se disporrete di un solo giorno in India far\u00f2 in modo che sia il giorno migliore.<\/p>\n\n\n\n<p>India Passion Tours vi aiuter\u00e0 a progettare la vacanza perfetta in India. Passo dopo passo, vi daremo il benvenuto come un visitatore sapendo che alla fine ci saluteremo come amici.<\/p>\n\n\n\n<p>\u00c8 possibile saperne di pi\u00f9 da nostri clienti che hanno utilizzato il nostro tour e personali servizi e sono stati completamente soddisfatti e che hanno lasciato dei &nbsp;<a href=\"https:\/\/www.tripadvisor.it\/Attraction_Review-g304551-d10225281-Reviews-India_Passion_Tours-New_Delhi_National_Capital_Territory_of_Delhi.html\" target=\"_blank\" rel=\"noopener\"><strong>Commenti<\/strong><\/a>&nbsp;&nbsp;qui.<\/p>\n\n\n\n<p><strong>I nostri servizi<\/strong><\/p>\n\n\n\n<ul class=\"wp-block-list\"><li>&nbsp;in forma di 2 persone, da solo e viaggi di gruppo-All inclusive pacchetto Tours.<\/li><li>Prenotiamo volo, treno, e autobus.<\/li><li>&nbsp;trasferimenti aeroportuali e visite turistiche.<\/li><li>&nbsp;\u00e8 possibile scegliere di passare attraverso una o pi\u00f9 citt\u00e0&nbsp; .<\/li><li>&nbsp;tutti i nostri tour sono completamente personalizzabili basati sulle vostre preferenze.<\/li><li>giro in elefante ad Amber Fort, cammello Safari in Thar deserto e di Jeep Safari a Ranthambore National Park.<\/li><li>incluso nel programma (questo consente di essere liberi nella scelta delle vostre visite) vi forniamo tutti i tipi di servizio di trasporto con autisti affidabili.<\/li><li>potete scegliere tra una categoria di top auto e mix di categorie di hotel per massimizzare il comfort e il rapporto qualit\u00e0\/prezzo.<\/li><li>il ristorante \u00e8 davvero a buon mercato in India e l\u2019autista&nbsp; pu\u00f2 consigliare buoni indirizzi se si desidera.<\/li><\/ul>\n\n\n\n<p><strong>Perch\u00e9 scegliere noi?<\/strong><\/p>\n\n\n\n<p>Nostro punto di differenza \u00e8 assenza di problemi di viaggio.<\/p>\n\n\n\n<p>Non ci sono costi nascosti, addebitiamo solo ci\u00f2 che vedete .<\/p>\n\n\n\n<p>Offriamo sempre un servizio professionale con il nostro tocco personale a tutti i clienti in modo che possano andare a casa con felici ricordi. Abbiamo le nostre&nbsp;<a href=\"https:\/\/indiapassiontours.com\/it\/noleggio-auto-con-autista-india\/\"><strong>Auto<\/strong><\/a>, offriamo suggerimenti per Hotel&nbsp; in ciascuna delle location nell\u2019 India del Nord, in tutte le categorie come tre stelle, quattro stelle, ed Heritage Hotel.<\/p>\n\n\n\n<p>amo anche Hotel a cinque stelle su speciale richiesta. Questo ci permette di offrire tariffe competitive.<\/p>\n\n\n\n<p><a href=\"https:\/\/indiapassiontours.com\/contact-us\/\">Contattaci per l\u2019automobile con affidabile driver ..<\/a><\/p>\n\n\n\n<p>I nostri esperti e affidabili drivers<\/p>\n\n\n\n<div class=\"wp-block-columns is-layout-flex wp-container-core-columns-is-layout-9d6595d7 wp-block-columns-is-layout-flex\">\n<div class=\"wp-block-column is-layout-flow wp-block-column-is-layout-flow\" style=\"flex-basis:100%\">\n<div class=\"wp-block-columns is-layout-flex wp-container-core-columns-is-layout-9d6595d7 wp-block-columns-is-layout-flex\">\n<div class=\"wp-block-column is-layout-flow wp-block-column-is-layout-flow\">\n<figure class=\"wp-block-image size-full\"><img loading=\"lazy\" decoding=\"async\" width=\"749\" height=\"748\" src=\"https:\/\/indiapassiontours.com\/it\/wp-content\/uploads\/2022\/09\/IMG-20201118-WA0000-2.jpg\" alt=\"Auto Con Autista India Delhi \" class=\"wp-image-27\" srcset=\"https:\/\/indiapassiontours.com\/it\/wp-content\/uploads\/2022\/09\/IMG-20201118-WA0000-2.jpg 749w, https:\/\/indiapassiontours.com\/it\/wp-content\/uploads\/2022\/09\/IMG-20201118-WA0000-2-300x300.jpg 300w, https:\/\/indiapassiontours.com\/it\/wp-content\/uploads\/2022\/09\/IMG-20201118-WA0000-2-150x150.jpg 150w\" sizes=\"auto, (max-width: 749px) 100vw, 749px\" \/><figcaption><em>Anil- india passion tours<\/em><\/figcaption><\/figure>\n<\/div>\n\n\n\n<div class=\"wp-block-column is-layout-flow wp-block-column-is-layout-flow\">\n<figure class=\"wp-block-image size-full\"><img loading=\"lazy\" decoding=\"async\" width=\"1024\" height=\"768\" src=\"https:\/\/indiapassiontours.com\/it\/wp-content\/uploads\/2022\/09\/FB_IMG_15210410153538738-1024x768-1.jpg\" alt=\" Viaggio in India Delhi Rajasthan\" class=\"wp-image-28\" srcset=\"https:\/\/indiapassiontours.com\/it\/wp-content\/uploads\/2022\/09\/FB_IMG_15210410153538738-1024x768-1.jpg 1024w, https:\/\/indiapassiontours.com\/it\/wp-content\/uploads\/2022\/09\/FB_IMG_15210410153538738-1024x768-1-300x225.jpg 300w, https:\/\/indiapassiontours.com\/it\/wp-content\/uploads\/2022\/09\/FB_IMG_15210410153538738-1024x768-1-768x576.jpg 768w\" sizes=\"auto, (max-width: 1024px) 100vw, 1024px\" \/><figcaption><em>Manoj-india passion tours<\/em><\/figcaption><\/figure>\n<\/div>\n<\/div>\n<\/div>\n<\/div>\n","protected":false},"excerpt":{"rendered":"<p>Auto Con Autista India Auto Con Autista in India Delhi \/ Auto Con Autista Viaggio in India Delhi Rajasthan Auto Con Autista India Delhi, Siamo autisti indipendenti con auto a Delhi, Golden triangle- (Delhi-Agra-Jaipur), Rajasthan, Khajuraho, Varanasi, Rishikesh, Himalaya, e India del Nord. Benvenuti \/ Namast\u00e9. India Passion Tours \u00e8 una agenzia di viaggi gestita &#8230; <a title=\"Auto Con Autista India\" class=\"read-more\" href=\"https:\/\/indiapassiontours.com\/it\/\" aria-label=\"Read more about Auto Con Autista India\">Read more<\/a><\/p>\n","protected":false},"author":1,"featured_media":0,"parent":0,"menu_order":0,"comment_status":"closed","ping_status":"closed","template":"","meta":{"footnotes":""},"class_list":["post-16","page","type-page","status-publish"],"_links":{"self":[{"href":"https:\/\/indiapassiontours.com\/it\/wp-json\/wp\/v2\/pages\/16","targetHints":{"allow":["GET"]}}],"collection":[{"href":"https:\/\/indiapassiontours.com\/it\/wp-json\/wp\/v2\/pages"}],"about":[{"href":"https:\/\/indiapassiontours.com\/it\/wp-json\/wp\/v2\/types\/page"}],"author":[{"embeddable":true,"href":"https:\/\/indiapassiontours.com\/it\/wp-json\/wp\/v2\/users\/1"}],"replies":[{"embeddable":true,"href":"https:\/\/indiapassiontours.com\/it\/wp-json\/wp\/v2\/comments?post=16"}],"version-history":[{"count":6,"href":"https:\/\/indiapassiontours.com\/it\/wp-json\/wp\/v2\/pages\/16\/revisions"}],"predecessor-version":[{"id":35,"href":"https:\/\/indiapassiontours.com\/it\/wp-json\/wp\/v2\/pages\/16\/revisions\/35"}],"wp:attachment":[{"href":"https:\/\/indiapassiontours.com\/it\/wp-json\/wp\/v2\/media?parent=16"}],"curies":[{"name":"wp","href":"https:\/\/api.w.org\/{rel}","templated":true}]}}